{"id":152,"date":"2023-02-13T13:28:39","date_gmt":"2023-02-13T13:28:39","guid":{"rendered":"https:\/\/toimeks.fi\/?page_id=152"},"modified":"2023-03-17T18:10:05","modified_gmt":"2023-03-17T18:10:05","slug":"toimintaterapia3","status":"publish","type":"page","link":"https:\/\/toimeks.fi\/index.php\/toimintaterapia3\/","title":{"rendered":"Toimintaterapia3"},"content":{"rendered":"<p>[et_pb_section fb_built=&#8221;1&#8243; admin_label=&#8221;Hero&#8221; _builder_version=&#8221;4.19.0&#8243; background_color=&#8221;#fcd21d&#8221; use_background_color_gradient=&#8221;on&#8221; background_color_gradient_stops=&#8221;#2e5b61 0%|#0099b2 100%&#8221; background_image=&#8221;https:\/\/toimeks.fi\/wp-content\/uploads\/2023\/03\/circle-background-pattern.png&#8221; custom_padding=&#8221;|||&#8221; animation_style=&#8221;zoom&#8221; animation_intensity_zoom=&#8221;4%&#8221; global_colors_info=&#8221;{}&#8221;][et_pb_row _builder_version=&#8221;4.16&#8243; background_size=&#8221;initial&#8221; background_position=&#8221;top_left&#8221; background_repeat=&#8221;repeat&#8221; custom_padding=&#8221;|||&#8221; animation_style=&#8221;slide&#8221; animation_direction=&#8221;top&#8221; animation_intensity_slide=&#8221;3%&#8221; global_colors_info=&#8221;{}&#8221;][et_pb_column type=&#8221;4_4&#8243; _builder_version=&#8221;4.16&#8243; custom_padding=&#8221;|||&#8221; global_colors_info=&#8221;{}&#8221; custom_padding__hover=&#8221;|||&#8221;][et_pb_text _builder_version=&#8221;4.19.0&#8243; text_font=&#8221;Montserrat|||on|||||&#8221; text_text_color=&#8221;#FFFFFF&#8221; text_font_size=&#8221;17px&#8221; text_letter_spacing=&#8221;3px&#8221; background_size=&#8221;initial&#8221; background_position=&#8221;top_left&#8221; background_repeat=&#8221;repeat&#8221; custom_margin=&#8221;||45px|&#8221; animation_style=&#8221;slide&#8221; animation_direction=&#8221;bottom&#8221; locked=&#8221;off&#8221; global_colors_info=&#8221;{}&#8221;]<\/p>\n<p>toimintaterapiaa eri el\u00e4m\u00e4ntilenateisiin<\/p>\n<p>[\/et_pb_text][et_pb_text _builder_version=&#8221;4.20.0&#8243; text_font=&#8221;||||||||&#8221; header_font=&#8221;Rubik|700||on|||||&#8221; header_text_color=&#8221;#FFFFFF&#8221; header_font_size=&#8221;60px&#8221; header_line_height=&#8221;1.3em&#8221; background_size=&#8221;initial&#8221; background_position=&#8221;top_left&#8221; background_repeat=&#8221;repeat&#8221; custom_margin=&#8221;|||&#8221; animation_style=&#8221;fade&#8221; header_font_size_tablet=&#8221;60px&#8221; header_font_size_phone=&#8221;60px&#8221; header_font_size_last_edited=&#8221;on|phone&#8221; locked=&#8221;off&#8221; global_colors_info=&#8221;{}&#8221;]<\/p>\n<h1>Toimintaterapia<\/h1>\n<p>[\/et_pb_text][\/et_pb_column][\/et_pb_row][\/et_pb_section][et_pb_section fb_built=&#8221;1&#8243; admin_label=&#8221;Feature&#8221; _builder_version=&#8221;4.17.3&#8243; _module_preset=&#8221;default&#8221; custom_margin=&#8221;||||false|false&#8221; custom_padding=&#8221;0px||||false|false&#8221; collapsed=&#8221;on&#8221; global_colors_info=&#8221;{}&#8221;][et_pb_row column_structure=&#8221;2_3,1_3&#8243; _builder_version=&#8221;4.17.3&#8243; _module_preset=&#8221;default&#8221; custom_padding=&#8221;56px|||||&#8221; global_colors_info=&#8221;{}&#8221;][et_pb_column type=&#8221;2_3&#8243; _builder_version=&#8221;4.17.3&#8243; _module_preset=&#8221;default&#8221; custom_padding_tablet=&#8221;||30px||false|false&#8221; custom_padding_phone=&#8221;||30px||false|false&#8221; custom_padding_last_edited=&#8221;on|tablet&#8221; global_colors_info=&#8221;{}&#8221;][et_pb_text _builder_version=&#8221;4.20.0&#8243; _module_preset=&#8221;b327cbe4-b1d5-4b66-ad37-40c8f2f061ba&#8221; header_font=&#8221;Rubik||||||||&#8221; header_2_font=&#8221;Rubik|700|||||||&#8221; header_2_text_color=&#8221;#0099B2&#8243; header_2_font_size=&#8221;56px&#8221; header_2_line_height=&#8221;1.2em&#8221; custom_margin=&#8221;||0px||false|false&#8221; header_2_font_size_tablet=&#8221;32px&#8221; header_2_font_size_phone=&#8221;26px&#8221; header_2_font_size_last_edited=&#8221;on|tablet&#8221; global_colors_info=&#8221;{}&#8221;]<\/p>\n<h2>Kohti merkityksellist\u00e4 ja toimivaa arkea<\/h2>\n<p>[\/et_pb_text][et_pb_text _builder_version=&#8221;4.19.0&#8243; _module_preset=&#8221;1f09816e-184e-4ce5-a4cf-b39c52c423ca&#8221; text_font=&#8221;Inter||||||||&#8221; text_text_color=&#8221;#22434A&#8221; text_font_size=&#8221;18px&#8221; text_line_height=&#8221;1.8em&#8221; text_font_size_tablet=&#8221;16px&#8221; text_font_size_phone=&#8221;14px&#8221; text_font_size_last_edited=&#8221;on|tablet&#8221; header_font_size_tablet=&#8221;55px&#8221; header_font_size_last_edited=&#8221;off|desktop&#8221; global_colors_info=&#8221;{}&#8221;]<\/p>\n<p>Toimintaterapiassa ihminen itse on aktiivinen toimija arjen haasteiden ratkaisemisessa. Keskeist\u00e4 on oma motivaatio ja omien vahvuuksien tunnistaminen ja vahvistaminen ja l\u00f6yt\u00e4\u00e4 merkityksellinen ja toimiva arki. Toimintaterapiassa my\u00f6s hyv\u00e4 ja luottamuksellisen terapiasuhde<br \/>on kantava voima.<\/p>\n<p>[\/et_pb_text][\/et_pb_column][et_pb_column type=&#8221;1_3&#8243; _builder_version=&#8221;4.17.1&#8243; _module_preset=&#8221;default&#8221; global_colors_info=&#8221;{}&#8221;][et_pb_image src=&#8221;https:\/\/toimeks.fi\/wp-content\/uploads\/2022\/12\/therapy-27.png&#8221; title_text=&#8221;therapy 27&#8243; align=&#8221;right&#8221; _builder_version=&#8221;4.17.3&#8243; _module_preset=&#8221;default&#8221; positioning=&#8221;absolute&#8221; position_origin_a=&#8221;top_right&#8221; width=&#8221;50%&#8221; custom_margin=&#8221;||||false|false&#8221; global_colors_info=&#8221;{}&#8221;][\/et_pb_image][et_pb_image src=&#8221;https:\/\/toimeks.fi\/wp-content\/uploads\/2022\/12\/therapy-47.jpg&#8221; title_text=&#8221;therapy 47&#8243; show_bottom_space=&#8221;off&#8221; align=&#8221;center&#8221; _builder_version=&#8221;4.17.3&#8243; _module_preset=&#8221;default&#8221; z_index=&#8221;1&#8243; width=&#8221;70%&#8221; border_radii=&#8221;off|400px|400px||&#8221; locked=&#8221;off&#8221; global_colors_info=&#8221;{}&#8221;][\/et_pb_image][et_pb_divider show_divider=&#8221;off&#8221; _builder_version=&#8221;4.17.3&#8243; _module_preset=&#8221;default&#8221; background_color=&#8221;#2E5B61&#8243; positioning=&#8221;absolute&#8221; position_origin_a=&#8221;bottom_left&#8221; width=&#8221;120px&#8221; width_tablet=&#8221;20vw&#8221; width_phone=&#8221;20vw&#8221; width_last_edited=&#8221;on|tablet&#8221; height=&#8221;120px&#8221; height_tablet=&#8221;20vw&#8221; height_phone=&#8221;20vw&#8221; height_last_edited=&#8221;on|tablet&#8221; custom_margin=&#8221;||-15%||false|false&#8221; custom_margin_tablet=&#8221;||-15%||false|false&#8221; custom_margin_phone=&#8221;||-15%||false|false&#8221; custom_margin_last_edited=&#8221;on|tablet&#8221; border_radii=&#8221;on|200px|200px|200px|200px&#8221; locked=&#8221;off&#8221; global_colors_info=&#8221;{}&#8221;][\/et_pb_divider][\/et_pb_column][\/et_pb_row][\/et_pb_section][et_pb_section fb_built=&#8221;1&#8243; admin_label=&#8221;Feature&#8221; _builder_version=&#8221;4.17.3&#8243; _module_preset=&#8221;default&#8221; custom_padding=&#8221;3px||4px|||&#8221; collapsed=&#8221;on&#8221; global_colors_info=&#8221;{}&#8221;][et_pb_row column_structure=&#8221;1_2,1_2&#8243; _builder_version=&#8221;4.17.3&#8243; _module_preset=&#8221;default&#8221; custom_padding=&#8221;||0px|||&#8221; global_colors_info=&#8221;{}&#8221;][et_pb_column type=&#8221;1_2&#8243; _builder_version=&#8221;4.17.3&#8243; _module_preset=&#8221;default&#8221; global_colors_info=&#8221;{}&#8221;][et_pb_image src=&#8221;https:\/\/toimeks.fi\/wp-content\/uploads\/2022\/12\/therapy-33.jpg&#8221; title_text=&#8221;therapy 33&#8243; _builder_version=&#8221;4.17.3&#8243; _module_preset=&#8221;default&#8221; custom_margin=&#8221;|||-20vw|false|false&#8221; border_radii=&#8221;off||600px||&#8221; global_colors_info=&#8221;{}&#8221;][\/et_pb_image][\/et_pb_column][et_pb_column type=&#8221;1_2&#8243; _builder_version=&#8221;4.17.3&#8243; _module_preset=&#8221;default&#8221; custom_padding=&#8221;5vw||5vw||true|false&#8221; custom_padding_tablet=&#8221;||||true|false&#8221; custom_padding_phone=&#8221;||||true|false&#8221; custom_padding_last_edited=&#8221;on|tablet&#8221; global_colors_info=&#8221;{}&#8221;][et_pb_text _builder_version=&#8221;4.20.0&#8243; _module_preset=&#8221;b327cbe4-b1d5-4b66-ad37-40c8f2f061ba&#8221; header_font=&#8221;Rubik||||||||&#8221; header_2_font=&#8221;Rubik|700|||||||&#8221; header_2_text_color=&#8221;#0099B2&#8243; header_2_font_size=&#8221;51px&#8221; header_2_line_height=&#8221;1.2em&#8221; custom_margin=&#8221;||0px||false|false&#8221; header_2_font_size_tablet=&#8221;32px&#8221; header_2_font_size_phone=&#8221;26px&#8221; header_2_font_size_last_edited=&#8221;on|tablet&#8221; global_colors_info=&#8221;{}&#8221;]<\/p>\n<h2>Toimintakykyi-syytt\u00e4 eri ik\u00e4vaiheissa on esimerkiksi ett\u00e4,<\/h2>\n<p>[\/et_pb_text][et_pb_text _builder_version=&#8221;4.20.0&#8243; _module_preset=&#8221;1f09816e-184e-4ce5-a4cf-b39c52c423ca&#8221; text_font=&#8221;Inter||||||||&#8221; text_text_color=&#8221;#22434A&#8221; text_font_size=&#8221;18px&#8221; text_line_height=&#8221;1.8em&#8221; text_font_size_tablet=&#8221;16px&#8221; text_font_size_phone=&#8221;14px&#8221; text_font_size_last_edited=&#8221;on|tablet&#8221; header_font_size_tablet=&#8221;55px&#8221; header_font_size_last_edited=&#8221;off|desktop&#8221; global_colors_info=&#8221;{}&#8221;]<\/p>\n<p>\u272d lapsi kykenee leikkim\u00e4\u00e4n toisten lasten kanssa ja iloitsemaan siit\u00e4. T\u00e4m\u00e4 edellytt\u00e4\u00e4, ett\u00e4 h\u00e4nell\u00e4 on mm. riitt\u00e4v\u00e4t motoriset, psykososiaaliset ja kognitiiviset valmiudet.<br \/>\u272d koululainen pystyy oppimaan, l\u00f6yt\u00e4\u00e4 yksil\u00f6lliset tavat oppia, pystyy ty\u00f6skentelem\u00e4\u00e4n ryhm\u00e4ss\u00e4 ja iloitsemaan oppimisesta<br \/>\u272d nuorella murrosi\u00e4n kehitysteht\u00e4v\u00e4t k\u00e4ynnistyv\u00e4t, itsen\u00e4istyminen alkaa ja nuori alkaa suunnitella omaa tulevaisuuttaan. Nuori luottaa tulevaisuutensa ja kykyyns\u00e4 kohdata haasteita ja selviyty\u00e4 niist\u00e4.<br \/>\u272d aikuisik\u00e4inen ottaa vastuuta ja huolehtii itsest\u00e4\u00e4n, perheest\u00e4\u00e4n ja ty\u00f6st\u00e4\u00e4n.<br \/>\u272d seniori-ik\u00e4inen voi kokea tyytyv\u00e4isyytt\u00e4 ja selviyty\u00e4 itsen\u00e4isesti p\u00e4ivitt\u00e4isist\u00e4 askareista.<\/p>\n<p>[\/et_pb_text][\/et_pb_column][\/et_pb_row][\/et_pb_section][et_pb_section fb_built=&#8221;1&#8243; admin_label=&#8221;Approach&#8221; _builder_version=&#8221;4.19.0&#8243; _module_preset=&#8221;default&#8221; background_color=&#8221;#63A5AD&#8221; collapsed=&#8221;on&#8221; global_colors_info=&#8221;{}&#8221;][et_pb_row _builder_version=&#8221;4.17.1&#8243; _module_preset=&#8221;default&#8221; global_colors_info=&#8221;{}&#8221;][et_pb_column type=&#8221;4_4&#8243; _builder_version=&#8221;4.17.1&#8243; _module_preset=&#8221;default&#8221; global_colors_info=&#8221;{}&#8221;][et_pb_text _builder_version=&#8221;4.20.0&#8243; _module_preset=&#8221;b327cbe4-b1d5-4b66-ad37-40c8f2f061ba&#8221; header_font=&#8221;Rubik||||||||&#8221; header_2_font=&#8221;Rubik|700|||||||&#8221; header_2_text_color=&#8221;#FFFFFF&#8221; header_2_font_size=&#8221;58px&#8221; header_2_line_height=&#8221;1.2em&#8221; custom_margin=&#8221;||0px||false|false&#8221; header_2_font_size_tablet=&#8221;32px&#8221; header_2_font_size_phone=&#8221;26px&#8221; header_2_font_size_last_edited=&#8221;on|tablet&#8221; global_colors_info=&#8221;{}&#8221;]<\/p>\n<h2>Mit\u00e4 toimintaterapiassa tehd\u00e4\u00e4n?<\/h2>\n<p>[\/et_pb_text][\/et_pb_column][\/et_pb_row][et_pb_row column_structure=&#8221;1_2,1_2&#8243; _builder_version=&#8221;4.20.0&#8243; _module_preset=&#8221;default&#8221; custom_margin_tablet=&#8221;&#8221; custom_margin_phone=&#8221;-15px||-19px||false|false&#8221; custom_margin_last_edited=&#8221;on|phone&#8221; global_colors_info=&#8221;{}&#8221;][et_pb_column type=&#8221;1_2&#8243; _builder_version=&#8221;4.17.1&#8243; _module_preset=&#8221;default&#8221; global_colors_info=&#8221;{}&#8221;][et_pb_text _builder_version=&#8221;4.19.0&#8243; _module_preset=&#8221;1f09816e-184e-4ce5-a4cf-b39c52c423ca&#8221; text_font=&#8221;Inter||||||||&#8221; text_text_color=&#8221;#FFFFFF&#8221; text_font_size=&#8221;18px&#8221; text_line_height=&#8221;1.8em&#8221; text_font_size_tablet=&#8221;16px&#8221; text_font_size_phone=&#8221;14px&#8221; text_font_size_last_edited=&#8221;on|tablet&#8221; header_font_size_tablet=&#8221;55px&#8221; header_font_size_last_edited=&#8221;off|desktop&#8221; global_colors_info=&#8221;{}&#8221;]<\/p>\n<p>Toimintaterapian sis\u00e4lt\u00f6 ja menetelm\u00e4t suunnitellaan asiakkaan tavoitteiden ja mielenkiintojen mukaan. Voimme harjoitella esim. leikkitaitoja, kouluty\u00f6skentelytaitoja, kaveritaitoja, sosiaalisia taitoja, tunnetaitoja, itseilmaisun taitoja, arjen hallinnan taitoja kuten itsest\u00e4 huolehtimista, ajank\u00e4ytt\u00f6\u00e4,kodinhoitoa, ruoanvalmistusta ja asiointitaitoja, ymp\u00e4rist\u00f6ss\u00e4 liikkumisen taitoja.<\/p>\n<p>[\/et_pb_text][\/et_pb_column][et_pb_column type=&#8221;1_2&#8243; _builder_version=&#8221;4.17.1&#8243; _module_preset=&#8221;default&#8221; global_colors_info=&#8221;{}&#8221;][et_pb_text _builder_version=&#8221;4.19.0&#8243; _module_preset=&#8221;1f09816e-184e-4ce5-a4cf-b39c52c423ca&#8221; text_font=&#8221;Inter||||||||&#8221; text_text_color=&#8221;#FFFFFF&#8221; text_font_size=&#8221;18px&#8221; text_line_height=&#8221;1.8em&#8221; text_font_size_tablet=&#8221;16px&#8221; text_font_size_phone=&#8221;14px&#8221; text_font_size_last_edited=&#8221;on|tablet&#8221; header_font_size_tablet=&#8221;55px&#8221; header_font_size_last_edited=&#8221;off|desktop&#8221; locked=&#8221;off&#8221; global_colors_info=&#8221;{}&#8221;]<\/p>\n<p>Vahvistamme lis\u00e4ksi n\u00e4iden taitojen edellytt\u00e4mi\u00e4 valmiuksia esim. motorisia, kognitiivisia ja psykososiaalisia<br \/>valmiuksia. N\u00e4it\u00e4 taitoa harjoittelemme esim. k\u00e4yt\u00e4nn\u00f6n tilanteissa, luovien toimintojen avulla, pelien ja leikkien avulla jne.<\/p>\n<p>L\u00e4ht\u00f6kohtana on tukea asiakkaan positiivista min\u00e4kuvaa toimijana.<\/p>\n<p>[\/et_pb_text][\/et_pb_column][\/et_pb_row][\/et_pb_section][et_pb_section fb_built=&#8221;1&#8243; _builder_version=&#8221;4.19.0&#8243; _module_preset=&#8221;default&#8221; custom_padding=&#8221;||73px|||&#8221; global_colors_info=&#8221;{}&#8221;][et_pb_row _builder_version=&#8221;4.17.1&#8243; _module_preset=&#8221;default&#8221; custom_padding=&#8221;0px|||||&#8221; global_colors_info=&#8221;{}&#8221;][et_pb_column type=&#8221;4_4&#8243; _builder_version=&#8221;4.17.1&#8243; _module_preset=&#8221;default&#8221; global_colors_info=&#8221;{}&#8221;][et_pb_text _builder_version=&#8221;4.19.0&#8243; _module_preset=&#8221;1f09816e-184e-4ce5-a4cf-b39c52c423ca&#8221; text_font=&#8221;Inter||on||||||&#8221; text_text_color=&#8221;#22434A&#8221; text_font_size=&#8221;24px&#8221; text_line_height=&#8221;2em&#8221; text_orientation=&#8221;center&#8221; text_font_size_tablet=&#8221;16px&#8221; text_font_size_phone=&#8221;14px&#8221; text_font_size_last_edited=&#8221;on|tablet&#8221; header_font_size_tablet=&#8221;55px&#8221; header_font_size_last_edited=&#8221;off|desktop&#8221; global_colors_info=&#8221;{}&#8221;]<\/p>\n<p>Toimintaterapia pohjautuu terveydenhuollossa laadittuun kuntoutussuunnitelmaan ja yksil\u00f6llisiin tavoitteisiin. Toimintaterapia toteutuu asiakkaan arkiymp\u00e4rist\u00f6ss\u00e4 , kuten kotona, koulussa, p\u00e4iv\u00e4kodissa tai muussa tarkoituksenmukaisessa ymp\u00e4rist\u00f6ss\u00e4 tai vastaanotolla.<\/p>\n<p>[\/et_pb_text][\/et_pb_column][\/et_pb_row][\/et_pb_section][et_pb_section fb_built=&#8221;1&#8243; admin_label=&#8221;Footer&#8221; _builder_version=&#8221;4.20.0&#8243; use_background_color_gradient=&#8221;on&#8221; background_color_gradient_stops=&#8221;#2e5b61 2%|rgba(0,153,178,0.4) 99%&#8221; background_color_gradient_overlays_image=&#8221;on&#8221; background_image=&#8221;https:\/\/toimeks.fi\/wp-content\/uploads\/2023\/03\/business-01.jpg&#8221; parallax=&#8221;on&#8221; custom_margin_tablet=&#8221;&#8221; custom_margin_phone=&#8221;-36px||||false|false&#8221; custom_margin_last_edited=&#8221;on|phone&#8221; custom_padding=&#8221;90px||90px|&#8221; saved_tabs=&#8221;all&#8221; locked=&#8221;off&#8221; global_colors_info=&#8221;{}&#8221;][et_pb_row column_structure=&#8221;1_2,1_2&#8243; use_custom_gutter=&#8221;on&#8221; gutter_width=&#8221;2&#8243; make_equal=&#8221;on&#8221; _builder_version=&#8221;4.16&#8243; background_size=&#8221;initial&#8221; background_position=&#8221;top_left&#8221; background_repeat=&#8221;repeat&#8221; custom_padding=&#8221;|||&#8221; global_colors_info=&#8221;{}&#8221;][et_pb_column type=&#8221;1_2&#8243; _builder_version=&#8221;4.16&#8243; background_color=&#8221;#ffffff&#8221; background_position=&#8221;top_left&#8221; custom_padding=&#8221;50px|40px|50px|40px&#8221; global_colors_info=&#8221;{}&#8221; custom_padding__hover=&#8221;|||&#8221;][et_pb_text admin_label=&#8221;Contact US Title&#8221; _builder_version=&#8221;4.20.0&#8243; text_font_size=&#8221;16px&#8221; header_font=&#8221;Montserrat||||&#8221; header_text_color=&#8221;#1f1f1f&#8221; header_font_size=&#8221;22px&#8221; header_line_height=&#8221;1.3em&#8221; custom_padding=&#8221;0px|0px|0px|0px&#8221; animation_style=&#8221;fold&#8221; animation_direction=&#8221;bottom&#8221; animation_intensity_fold=&#8221;20%&#8221; global_colors_info=&#8221;{}&#8221;]<\/p>\n<h1>Terapiapalvelut P\u00e4ivi Penttil\u00e4 Oy:<br \/>(y-tunnus 2842070-1)<\/h1>\n<p>[\/et_pb_text][et_pb_text admin_label=&#8221;Contact US Text&#8221; _builder_version=&#8221;4.20.0&#8243; text_font_size=&#8221;16px&#8221; text_line_height=&#8221;1.8em&#8221; header_font=&#8221;||||&#8221; header_text_color=&#8221;#1f1f1f&#8221; custom_margin=&#8221;20px||40px|&#8221; custom_padding=&#8221;0px|0px|0px|0px&#8221; animation_style=&#8221;fold&#8221; animation_direction=&#8221;bottom&#8221; animation_intensity_fold=&#8221;20%&#8221; global_colors_info=&#8221;{}&#8221;]<\/p>\n<p>Alla yhteystietojani!<\/p>\n<p>[\/et_pb_text][et_pb_blurb use_icon=&#8221;on&#8221; font_icon=&#8221;&#xe081;||divi||400&#8243; icon_color=&#8221;#2E5B61&#8243; icon_placement=&#8221;left&#8221; image_icon_width=&#8221;28px&#8221; image_icon_width_last_edited=&#8221;off|desktop&#8221; admin_label=&#8221;Address&#8221; _builder_version=&#8221;4.19.0&#8243; body_font_size=&#8221;16px&#8221; custom_margin=&#8221;|||&#8221; animation_style=&#8221;fold&#8221; animation_direction=&#8221;bottom&#8221; animation_intensity_fold=&#8221;20%&#8221; icon_font_size=&#8221;28px&#8221; icon_font_size_last_edited=&#8221;off|desktop&#8221; global_colors_info=&#8221;{}&#8221;]<\/p>\n<p>K\u00e4yntiosoite: Toimintaterapia Toimeks<br \/>Puutarhakatu 13, <br \/>90130 Oulu<\/p>\n<p>[\/et_pb_blurb][et_pb_blurb use_icon=&#8221;on&#8221; font_icon=&#8221;&#xe076;||divi||400&#8243; icon_color=&#8221;#2E5B61&#8243; icon_placement=&#8221;left&#8221; image_icon_width=&#8221;28px&#8221; image_icon_width_last_edited=&#8221;off|desktop&#8221; admin_label=&#8221;Email&#8221; _builder_version=&#8221;4.19.0&#8243; body_font_size=&#8221;16px&#8221; custom_margin=&#8221;|||&#8221; animation_style=&#8221;fold&#8221; animation_direction=&#8221;bottom&#8221; animation_intensity_fold=&#8221;20%&#8221; icon_font_size=&#8221;28px&#8221; icon_font_size_last_edited=&#8221;off|desktop&#8221; global_colors_info=&#8221;{}&#8221;]<\/p>\n<p>paivi.penttila@toimeks.fi<\/p>\n<p>[\/et_pb_blurb][et_pb_blurb use_icon=&#8221;on&#8221; font_icon=&#8221;&#xe00b;||divi||400&#8243; icon_color=&#8221;#2E5B61&#8243; icon_placement=&#8221;left&#8221; image_icon_width=&#8221;28px&#8221; image_icon_width_last_edited=&#8221;off|desktop&#8221; _builder_version=&#8221;4.19.0&#8243; body_font_size=&#8221;16px&#8221; custom_margin=&#8221;|||&#8221; animation_style=&#8221;fold&#8221; animation_direction=&#8221;bottom&#8221; animation_intensity_fold=&#8221;20%&#8221; icon_font_size=&#8221;28px&#8221; icon_font_size_last_edited=&#8221;off|desktop&#8221; global_colors_info=&#8221;{}&#8221;]<\/p>\n<p>P\u00e4ivi: 050-5499687<\/p>\n<p>[\/et_pb_blurb][et_pb_social_media_follow _builder_version=&#8221;4.16&#8243; global_colors_info=&#8221;{}&#8221;][\/et_pb_social_media_follow][\/et_pb_column][et_pb_column type=&#8221;1_2&#8243; _builder_version=&#8221;4.16&#8243; background_color=&#8221;#ffffff&#8221; background_position=&#8221;top_left&#8221; custom_padding=&#8221;50px|40px|50px|40px&#8221; global_colors_info=&#8221;{}&#8221; custom_padding__hover=&#8221;|||&#8221;][et_pb_text admin_label=&#8221;Contact US Title&#8221; _builder_version=&#8221;4.20.0&#8243; text_font_size=&#8221;16px&#8221; header_font=&#8221;Montserrat||||&#8221; header_text_color=&#8221;#1f1f1f&#8221; header_font_size=&#8221;22px&#8221; header_line_height=&#8221;1.3em&#8221; custom_padding=&#8221;0px|0px|0px|0px&#8221; animation_style=&#8221;fold&#8221; animation_direction=&#8221;bottom&#8221; animation_intensity_fold=&#8221;20%&#8221; hover_enabled=&#8221;0&#8243; global_colors_info=&#8221;{}&#8221; sticky_enabled=&#8221;0&#8243;]<\/p>\n<h1>Tmi Krista K\u00e4hk\u00f6nen:<br \/>(y-tunnus 1637111-3)<\/h1>\n<p>[\/et_pb_text][et_pb_text admin_label=&#8221;Contact US Text&#8221; _builder_version=&#8221;4.20.0&#8243; text_font_size=&#8221;16px&#8221; text_line_height=&#8221;1.8em&#8221; header_font=&#8221;||||&#8221; header_text_color=&#8221;#1f1f1f&#8221; custom_margin=&#8221;20px||40px|&#8221; custom_padding=&#8221;0px|0px|0px|0px&#8221; animation_style=&#8221;fold&#8221; animation_direction=&#8221;bottom&#8221; animation_intensity_fold=&#8221;20%&#8221; locked=&#8221;off&#8221; global_colors_info=&#8221;{}&#8221;]<\/p>\n<p>Alla yhteystietojani!<\/p>\n<p>[\/et_pb_text][et_pb_blurb use_icon=&#8221;on&#8221; font_icon=&#8221;&#xe081;||divi||400&#8243; icon_color=&#8221;#2E5B61&#8243; icon_placement=&#8221;left&#8221; image_icon_width=&#8221;28px&#8221; image_icon_width_last_edited=&#8221;off|desktop&#8221; admin_label=&#8221;Address&#8221; _builder_version=&#8221;4.19.0&#8243; body_font_size=&#8221;16px&#8221; custom_margin=&#8221;|||&#8221; animation_style=&#8221;fold&#8221; animation_direction=&#8221;bottom&#8221; animation_intensity_fold=&#8221;20%&#8221; icon_font_size=&#8221;28px&#8221; icon_font_size_last_edited=&#8221;off|desktop&#8221; global_colors_info=&#8221;{}&#8221;]<\/p>\n<p>K\u00e4yntiosoite: Toimintaterapia Toimeks<br \/>Puutarhakatu 13, <br \/>90130 Oulu<\/p>\n<p>[\/et_pb_blurb][et_pb_blurb use_icon=&#8221;on&#8221; font_icon=&#8221;&#xe076;||divi||400&#8243; icon_color=&#8221;#2E5B61&#8243; icon_placement=&#8221;left&#8221; image_icon_width=&#8221;28px&#8221; image_icon_width_last_edited=&#8221;off|desktop&#8221; admin_label=&#8221;Email&#8221; _builder_version=&#8221;4.19.0&#8243; body_font_size=&#8221;16px&#8221; custom_margin=&#8221;|||&#8221; animation_style=&#8221;fold&#8221; animation_direction=&#8221;bottom&#8221; animation_intensity_fold=&#8221;20%&#8221; icon_font_size=&#8221;28px&#8221; icon_font_size_last_edited=&#8221;off|desktop&#8221; global_colors_info=&#8221;{}&#8221;]<\/p>\n<p>krista.kahkonen@toimeks.fi<\/p>\n<p>[\/et_pb_blurb][et_pb_blurb use_icon=&#8221;on&#8221; font_icon=&#8221;&#xe00b;||divi||400&#8243; icon_color=&#8221;#2E5B61&#8243; icon_placement=&#8221;left&#8221; image_icon_width=&#8221;28px&#8221; image_icon_width_last_edited=&#8221;off|desktop&#8221; _builder_version=&#8221;4.20.0&#8243; body_font_size=&#8221;16px&#8221; custom_margin=&#8221;|||&#8221; animation_style=&#8221;fold&#8221; animation_direction=&#8221;bottom&#8221; animation_intensity_fold=&#8221;20%&#8221; icon_font_size=&#8221;28px&#8221; icon_font_size_last_edited=&#8221;off|desktop&#8221; global_colors_info=&#8221;{}&#8221;]<\/p>\n<p>Krista: 040-5707068<\/p>\n<p>[\/et_pb_blurb][\/et_pb_column][\/et_pb_row][\/et_pb_section]<\/p>\n","protected":false},"excerpt":{"rendered":"<p>toimintaterapiaa eri el\u00e4m\u00e4ntilenateisiinToimintaterapiaKohti merkityksellist\u00e4 ja toimivaa arkeaToimintaterapiassa ihminen itse on aktiivinen toimija arjen haasteiden ratkaisemisessa. Keskeist\u00e4 on oma motivaatio ja omien vahvuuksien tunnistaminen ja vahvistaminen ja l\u00f6yt\u00e4\u00e4 merkityksellinen ja toimiva arki. Toimintaterapiassa my\u00f6s hyv\u00e4 ja luottamuksellisen terapiasuhdeon kantava voima.Toimintakykyi-syytt\u00e4 eri ik\u00e4vaiheissa on esimerkiksi ett\u00e4,\u272d lapsi kykenee leikkim\u00e4\u00e4n toisten lasten kanssa ja iloitsemaan siit\u00e4. T\u00e4m\u00e4 edellytt\u00e4\u00e4, [&hellip;]<\/p>\n","protected":false},"author":1,"featured_media":0,"parent":0,"menu_order":0,"comment_status":"closed","ping_status":"closed","template":"","meta":{"_et_pb_use_builder":"on","_et_pb_old_content":"<!-- wp:divi\/placeholder \/-->","_et_gb_content_width":""},"_links":{"self":[{"href":"https:\/\/toimeks.fi\/index.php\/wp-json\/wp\/v2\/pages\/152"}],"collection":[{"href":"https:\/\/toimeks.fi\/index.php\/wp-json\/wp\/v2\/pages"}],"about":[{"href":"https:\/\/toimeks.fi\/index.php\/wp-json\/wp\/v2\/types\/page"}],"author":[{"embeddable":true,"href":"https:\/\/toimeks.fi\/index.php\/wp-json\/wp\/v2\/users\/1"}],"replies":[{"embeddable":true,"href":"https:\/\/toimeks.fi\/index.php\/wp-json\/wp\/v2\/comments?post=152"}],"version-history":[{"count":25,"href":"https:\/\/toimeks.fi\/index.php\/wp-json\/wp\/v2\/pages\/152\/revisions"}],"predecessor-version":[{"id":611,"href":"https:\/\/toimeks.fi\/index.php\/wp-json\/wp\/v2\/pages\/152\/revisions\/611"}],"wp:attachment":[{"href":"https:\/\/toimeks.fi\/index.php\/wp-json\/wp\/v2\/media?parent=152"}],"curies":[{"name":"wp","href":"https:\/\/api.w.org\/{rel}","templated":true}]}}