{"id":560,"date":"2023-03-17T15:07:21","date_gmt":"2023-03-17T15:07:21","guid":{"rendered":"https:\/\/toimeks.fi\/?page_id=560"},"modified":"2023-07-12T08:08:46","modified_gmt":"2023-07-12T08:08:46","slug":"toimintaterapia-kristas","status":"publish","type":"page","link":"https:\/\/toimeks.fi\/index.php\/toimintaterapia-kristas\/","title":{"rendered":"Toimintaterapia Kristas"},"content":{"rendered":"<p>[et_pb_section fb_built=&#8221;1&#8243; custom_padding_last_edited=&#8221;on|tablet&#8221; admin_label=&#8221;Hero&#8221; _builder_version=&#8221;4.20.0&#8243; background_enable_color=&#8221;off&#8221; use_background_color_gradient=&#8221;on&#8221; background_color_gradient_stops=&#8221;rgba(46,91,97,0.74) 2%|rgba(0,153,178,0.71) 100%&#8221; background_color_gradient_overlays_image=&#8221;on&#8221; background_image=&#8221;https:\/\/toimeks.fi\/wp-content\/uploads\/2023\/03\/lapset.jpeg&#8221; custom_margin=&#8221;0px||||false|false&#8221; custom_padding=&#8221;134px||178px|||&#8221; custom_padding_tablet=&#8221;134px||126px||false|false&#8221; custom_padding_phone=&#8221;134px||107px||false|false&#8221; animation_style=&#8221;zoom&#8221; animation_intensity_zoom=&#8221;4%&#8221; locked=&#8221;off&#8221; global_colors_info=&#8221;{}&#8221;][et_pb_row _builder_version=&#8221;4.16&#8243; background_size=&#8221;initial&#8221; background_position=&#8221;top_left&#8221; background_repeat=&#8221;repeat&#8221; custom_padding=&#8221;|||&#8221; animation_style=&#8221;slide&#8221; animation_direction=&#8221;top&#8221; animation_intensity_slide=&#8221;3%&#8221; global_colors_info=&#8221;{}&#8221;][et_pb_column type=&#8221;4_4&#8243; _builder_version=&#8221;4.16&#8243; custom_padding=&#8221;|||&#8221; global_colors_info=&#8221;{}&#8221; custom_padding__hover=&#8221;|||&#8221;][et_pb_text _builder_version=&#8221;4.21.0&#8243; text_font=&#8221;||||||||&#8221; header_font=&#8221;Rubik|700||on|||||dotted&#8221; header_text_color=&#8221;#FFFFFF&#8221; header_font_size=&#8221;57px&#8221; header_letter_spacing=&#8221;1px&#8221; header_line_height=&#8221;1.4em&#8221; background_size=&#8221;initial&#8221; background_position=&#8221;top_left&#8221; background_repeat=&#8221;repeat&#8221; custom_margin=&#8221;||-5px|||&#8221; animation_style=&#8221;fade&#8221; hover_enabled=&#8221;0&#8243; header_font_size_tablet=&#8221;57px&#8221; header_font_size_phone=&#8221;31px&#8221; header_font_size_last_edited=&#8221;on|phone&#8221; locked=&#8221;off&#8221; global_colors_info=&#8221;{}&#8221; sticky_enabled=&#8221;0&#8243;]<\/p>\n<h1>Toimintaterapia Kristas<\/h1>\n<p>[\/et_pb_text][\/et_pb_column][\/et_pb_row][\/et_pb_section][et_pb_section fb_built=&#8221;1&#8243; admin_label=&#8221;About&#8221; _builder_version=&#8221;4.20.0&#8243; background_color=&#8221;#FFFFFF&#8221; custom_margin=&#8221;||50px|||&#8221; custom_padding=&#8221;58px|0px|0|0px|false|false&#8221; global_colors_info=&#8221;{}&#8221;][et_pb_row column_structure=&#8221;1_2,1_2&#8243; _builder_version=&#8221;4.20.0&#8243; _module_preset=&#8221;default&#8221; custom_margin_tablet=&#8221;-31px||||false|false&#8221; custom_margin_phone=&#8221;-31px||||false|false&#8221; custom_margin_last_edited=&#8221;on|tablet&#8221; global_colors_info=&#8221;{}&#8221;][et_pb_column type=&#8221;1_2&#8243; _builder_version=&#8221;4.20.0&#8243; _module_preset=&#8221;default&#8221; global_colors_info=&#8221;{}&#8221;][et_pb_text _builder_version=&#8221;4.21.0&#8243; text_font=&#8221;Inter||||||||&#8221; text_text_color=&#8221;#22434A&#8221; text_font_size=&#8221;18px&#8221; text_line_height=&#8221;1.8em&#8221; header_font=&#8221;Rubik|700|||||||&#8221; header_text_color=&#8221;#0099B2&#8243; header_font_size=&#8221;41px&#8221; custom_margin=&#8221;0px||-10px||false|false&#8221; text_font_size_tablet=&#8221;16px&#8221; text_font_size_phone=&#8221;14px&#8221; text_font_size_last_edited=&#8221;on|tablet&#8221; header_font_size_tablet=&#8221;35px&#8221; header_font_size_phone=&#8221;30px&#8221; header_font_size_last_edited=&#8221;on|phone&#8221; locked=&#8221;off&#8221; global_colors_info=&#8221;{}&#8221;]<\/p>\n<h1>Krista Simil\u00e4<\/h1>\n<p>Olen Krista Simil\u00e4,<br \/>toimintaterapeutti (1993), aivojumppa\u00ae -kouluttaja (2005) ja ratkaisukeskeinen neuropsykiatrinen valmentaja (2017). Yritt\u00e4j\u00e4n\u00e4 olen toiminut vuodesta 2001 ja sit\u00e4 ennen ty\u00f6skentelin OYS:n Psykiatrian klinikalla sek\u00e4 aikuis- ett\u00e4 lastenpsykiatriassa toimintaterapeuttina.<\/p>\n<p>Minulla on pitk\u00e4 ty\u00f6kokemus lasten, nuorten ja nuorten aikuisten toimintaterapian parissa etenkin<br \/>psykiatristen ja neuropsykiatristen asiakkaiden kanssa.<\/p>\n<p>Ammattitaitoani olen t\u00e4ydent\u00e4nyt monipuolisesti erilaisin lis\u00e4koulutuksin. Oppimiseen ja kehityksellisiin haasteisiin liittyvi\u00e4 t\u00e4ydennyskoulutuksia ovat mm. oppimiskinesiologiaohjaaja 2003, RHL-rytminen liikeharjoittelu ja erilaiset aistikoulutukset. Liikunta- ja hyvinvointialan t\u00e4ydennyskoulutukset (hyvinvointivalmentaja 2012, Personal Trainer 2013- Trainer4you lisensoitu) tuovat kokonaisvaltaista osaamista toimintaterapeutin ty\u00f6h\u00f6ni.<\/p>\n<p>[\/et_pb_text][\/et_pb_column][et_pb_column type=&#8221;1_2&#8243; _builder_version=&#8221;4.20.0&#8243; _module_preset=&#8221;default&#8221; global_colors_info=&#8221;{}&#8221;][et_pb_image src=&#8221;https:\/\/toimeks.fi\/wp-content\/uploads\/2023\/03\/krista_kahkonen_-scaled.jpg&#8221; title_text=&#8221;Tmi Krista Kahkonen&#8221; _builder_version=&#8221;4.20.0&#8243; _module_preset=&#8221;default&#8221; custom_margin=&#8221;44px|||||&#8221; border_width_all=&#8221;10px&#8221; border_color_all=&#8221;#1899B1&#8243; global_colors_info=&#8221;{}&#8221;][\/et_pb_image][\/et_pb_column][\/et_pb_row][et_pb_row _builder_version=&#8221;4.20.0&#8243; _module_preset=&#8221;default&#8221; custom_margin_tablet=&#8221;-17px||||false|false&#8221; custom_margin_phone=&#8221;-17px||||false|false&#8221; custom_margin_last_edited=&#8221;on|tablet&#8221; custom_padding=&#8221;3px|||||&#8221; global_colors_info=&#8221;{}&#8221;][et_pb_column type=&#8221;4_4&#8243; _builder_version=&#8221;4.17.1&#8243; _module_preset=&#8221;default&#8221; global_colors_info=&#8221;{}&#8221;][et_pb_text _builder_version=&#8221;4.20.0&#8243; _module_preset=&#8221;1f09816e-184e-4ce5-a4cf-b39c52c423ca&#8221; text_font=&#8221;Inter||||||||&#8221; text_text_color=&#8221;#22434A&#8221; text_font_size=&#8221;18px&#8221; text_line_height=&#8221;1.8em&#8221; custom_margin=&#8221;29px|||||&#8221; custom_padding=&#8221;|||1px||&#8221; text_font_size_tablet=&#8221;16px&#8221; text_font_size_phone=&#8221;14px&#8221; text_font_size_last_edited=&#8221;on|tablet&#8221; global_colors_info=&#8221;{}&#8221;]<\/p>\n<p>Erilaiset tunnetaitoihin, itseilmaisuun, leikkitaitoihin ja luoviin toimintoihin liittyv\u00e4t koulutukset tukevat osaamistani ty\u00f6sken-nell\u00e4 monin tavoin. Traumaattisten asioiden ty\u00f6skentelyn tueksi olen k\u00e4ynyt TK-KKT (lasten ja nuorten traumakeskeisen kognitiivisen k\u00e4ytt\u00e4ytymisterapian perusteet).<\/p>\n<p><strong>Asiakkainani on lapsia, nuoria ja nuoria aikuisia, joilla erityistarpeita ja haasteita liittyen mm.<\/strong><br \/>\u272d neuropsykiatrian h\u00e4iri\u00f6ihin, kuten autisminkirjon h\u00e4iri\u00f6t, ADHD<br \/>\u272d psyykkisiin h\u00e4iri\u00f6ihin kuten masennus, ahdistus, sosiaaliset pelot, pakko-oireet, sy\u00f6mish\u00e4iri\u00f6t<br \/>\u272d tunne-el\u00e4m\u00e4n, itseilmaisun ja k\u00e4ytt\u00e4ytymisen haasteisiin<br \/>\u272d sosiaalisen vuorovaikutuksen pulmiin<br \/>\u272d eriasteisiin kehitysviiv\u00e4stymisiin ja oppimisvaikeuksiin<br \/>\u272d itsen\u00e4istymiseen ja arjenhallintaan<br \/>\u272d leikkitaitoihin<\/p>\n<p>[\/et_pb_text][et_pb_text _builder_version=&#8221;4.20.0&#8243; _module_preset=&#8221;default&#8221; text_font=&#8221;Rubik|700|||||||&#8221; text_text_color=&#8221;#0099B2&#8243; text_font_size=&#8221;26px&#8221; global_colors_info=&#8221;{}&#8221;]<\/p>\n<p>Ty\u00f6skentelykieleni on suomi.<\/p>\n<p>[\/et_pb_text][\/et_pb_column][\/et_pb_row][\/et_pb_section][et_pb_section fb_built=&#8221;1&#8243; custom_padding_last_edited=&#8221;on|tablet&#8221; admin_label=&#8221;Footer&#8221; _builder_version=&#8221;4.20.0&#8243; use_background_color_gradient=&#8221;on&#8221; background_color_gradient_stops=&#8221;#2e5b61 2%|rgba(0,153,178,0.4) 99%&#8221; background_color_gradient_overlays_image=&#8221;on&#8221; background_image=&#8221;https:\/\/toimeks.fi\/wp-content\/uploads\/2023\/03\/toimintaterapia_toimeks.jpeg&#8221; parallax=&#8221;on&#8221; min_height=&#8221;356.7px&#8221; custom_margin_tablet=&#8221;5px||||false|false&#8221; custom_margin_phone=&#8221;5px||||false|false&#8221; custom_margin_last_edited=&#8221;on|tablet&#8221; custom_padding=&#8221;2px||7px|||&#8221; custom_padding_tablet=&#8221;||21px||false|false&#8221; custom_padding_phone=&#8221;||21px||false|false&#8221; saved_tabs=&#8221;all&#8221; locked=&#8221;off&#8221; global_colors_info=&#8221;{}&#8221;][et_pb_row column_structure=&#8221;1_2,1_2&#8243; _builder_version=&#8221;4.20.0&#8243; _module_preset=&#8221;default&#8221; min_height=&#8221;383.7px&#8221; custom_margin=&#8221;7px|auto|7px|auto|true|&#8221; custom_padding=&#8221;10px||18px|||&#8221; global_colors_info=&#8221;{}&#8221;][et_pb_column type=&#8221;1_2&#8243; _builder_version=&#8221;4.20.0&#8243; _module_preset=&#8221;default&#8221; global_colors_info=&#8221;{}&#8221;][et_pb_text _builder_version=&#8221;4.21.0&#8243; _module_preset=&#8221;default&#8221; header_font_size=&#8221;29px&#8221; header_2_font=&#8221;Rubik|700|||||||&#8221; header_2_text_color=&#8221;#FFFFFF&#8221; header_2_line_height=&#8221;1.5em&#8221; custom_margin=&#8221;36px||5px|||&#8221; hover_enabled=&#8221;0&#8243; header_font_size_tablet=&#8221;29px&#8221; header_font_size_phone=&#8221;26px&#8221; header_font_size_last_edited=&#8221;on|phone&#8221; header_2_font_size_tablet=&#8221;&#8221; header_2_font_size_phone=&#8221;23px&#8221; header_2_font_size_last_edited=&#8221;on|phone&#8221; global_colors_info=&#8221;{}&#8221; sticky_enabled=&#8221;0&#8243;]<\/p>\n<h2>Toimintaterapia Kristas<br \/>(y-tunnus 1637111-3)<\/h2>\n<p>[\/et_pb_text][et_pb_text _builder_version=&#8221;4.21.0&#8243; _module_preset=&#8221;default&#8221; text_font=&#8221;Rubik|700|||||||&#8221; text_text_color=&#8221;#FFFFFF&#8221; text_font_size=&#8221;21px&#8221; text_line_height=&#8221;1.9em&#8221; text_font_size_tablet=&#8221;21px&#8221; text_font_size_phone=&#8221;18px&#8221; text_font_size_last_edited=&#8221;on|phone&#8221; global_colors_info=&#8221;{}&#8221;]<\/p>\n<p>K\u00e4yntiosoite<strong>:<\/strong> Toimintaterapia Toimeks<br \/>Puutarhakatu 13,<br \/>90130 Oulu<\/p>\n<p>S\u00e4hk\u00f6posti: krista.simila@toimeks.fi<\/p>\n<p>Puh: 040-5707068<\/p>\n<p>[\/et_pb_text][\/et_pb_column][et_pb_column type=&#8221;1_2&#8243; _builder_version=&#8221;4.20.0&#8243; _module_preset=&#8221;default&#8221; global_colors_info=&#8221;{}&#8221;][et_pb_image src=&#8221;https:\/\/toimeks.fi\/wp-content\/uploads\/2023\/03\/toimeks_logo_tumma_tausta.png&#8221; title_text=&#8221;Toimintaterapia Toimeks logo&#8221; _builder_version=&#8221;4.20.0&#8243; _module_preset=&#8221;default&#8221; custom_margin=&#8221;90px|||||&#8221; custom_margin_tablet=&#8221;1px||13px||false|false&#8221; custom_margin_phone=&#8221;-7px||15px||false|false&#8221; custom_margin_last_edited=&#8221;on|tablet&#8221; custom_padding=&#8221;1px||||false|false&#8221; custom_padding_tablet=&#8221;1px||||false|false&#8221; custom_padding_phone=&#8221;1px||||false|false&#8221; custom_padding_last_edited=&#8221;on|phone&#8221; global_colors_info=&#8221;{}&#8221;][\/et_pb_image][\/et_pb_column][\/et_pb_row][\/et_pb_section]<\/p>\n","protected":false},"excerpt":{"rendered":"<p>Toimintaterapia KristasKrista Simil\u00e4 Olen Krista Simil\u00e4,toimintaterapeutti (1993), aivojumppa\u00ae -kouluttaja (2005) ja ratkaisukeskeinen neuropsykiatrinen valmentaja (2017). Yritt\u00e4j\u00e4n\u00e4 olen toiminut vuodesta 2001 ja sit\u00e4 ennen ty\u00f6skentelin OYS:n Psykiatrian klinikalla sek\u00e4 aikuis- ett\u00e4 lastenpsykiatriassa toimintaterapeuttina. Minulla on pitk\u00e4 ty\u00f6kokemus lasten, nuorten ja nuorten aikuisten toimintaterapian parissa etenkinpsykiatristen ja neuropsykiatristen asiakkaiden kanssa. Ammattitaitoani olen t\u00e4ydent\u00e4nyt monipuolisesti erilaisin lis\u00e4koulutuksin. Oppimiseen [&hellip;]<\/p>\n","protected":false},"author":1,"featured_media":0,"parent":0,"menu_order":0,"comment_status":"closed","ping_status":"closed","template":"","meta":{"_et_pb_use_builder":"on","_et_pb_old_content":"","_et_gb_content_width":""},"_links":{"self":[{"href":"https:\/\/toimeks.fi\/index.php\/wp-json\/wp\/v2\/pages\/560"}],"collection":[{"href":"https:\/\/toimeks.fi\/index.php\/wp-json\/wp\/v2\/pages"}],"about":[{"href":"https:\/\/toimeks.fi\/index.php\/wp-json\/wp\/v2\/types\/page"}],"author":[{"embeddable":true,"href":"https:\/\/toimeks.fi\/index.php\/wp-json\/wp\/v2\/users\/1"}],"replies":[{"embeddable":true,"href":"https:\/\/toimeks.fi\/index.php\/wp-json\/wp\/v2\/comments?post=560"}],"version-history":[{"count":17,"href":"https:\/\/toimeks.fi\/index.php\/wp-json\/wp\/v2\/pages\/560\/revisions"}],"predecessor-version":[{"id":733,"href":"https:\/\/toimeks.fi\/index.php\/wp-json\/wp\/v2\/pages\/560\/revisions\/733"}],"wp:attachment":[{"href":"https:\/\/toimeks.fi\/index.php\/wp-json\/wp\/v2\/media?parent=560"}],"curies":[{"name":"wp","href":"https:\/\/api.w.org\/{rel}","templated":true}]}}