{"id":598,"date":"2023-03-17T17:59:50","date_gmt":"2023-03-17T17:59:50","guid":{"rendered":"https:\/\/toimeks.fi\/?page_id=598"},"modified":"2023-07-12T07:43:14","modified_gmt":"2023-07-12T07:43:14","slug":"yhteystiedot","status":"publish","type":"page","link":"https:\/\/toimeks.fi\/index.php\/yhteystiedot\/","title":{"rendered":"Yhteystiedot"},"content":{"rendered":"<p>[et_pb_section fb_built=&#8221;1&#8243; admin_label=&#8221;Hero&#8221; _builder_version=&#8221;4.20.0&#8243; background_enable_color=&#8221;off&#8221; use_background_color_gradient=&#8221;on&#8221; background_color_gradient_stops=&#8221;rgba(46,91,97,0.74) 2%|rgba(0,153,178,0.71) 100%&#8221; background_color_gradient_overlays_image=&#8221;on&#8221; background_image=&#8221;https:\/\/toimeks.fi\/wp-content\/uploads\/2023\/03\/lapset.jpeg&#8221; custom_margin_tablet=&#8221;&#8221; custom_margin_phone=&#8221;0px||||false|false&#8221; custom_margin_last_edited=&#8221;on|phone&#8221; custom_padding=&#8221;97px||181px||false|false&#8221; animation_style=&#8221;zoom&#8221; animation_intensity_zoom=&#8221;4%&#8221; locked=&#8221;off&#8221; global_colors_info=&#8221;{}&#8221;][et_pb_row _builder_version=&#8221;4.16&#8243; background_size=&#8221;initial&#8221; background_position=&#8221;top_left&#8221; background_repeat=&#8221;repeat&#8221; custom_padding=&#8221;|||&#8221; animation_style=&#8221;slide&#8221; animation_direction=&#8221;top&#8221; animation_intensity_slide=&#8221;3%&#8221; global_colors_info=&#8221;{}&#8221;][et_pb_column type=&#8221;4_4&#8243; _builder_version=&#8221;4.16&#8243; custom_padding=&#8221;|||&#8221; global_colors_info=&#8221;{}&#8221; custom_padding__hover=&#8221;|||&#8221;][et_pb_text _builder_version=&#8221;4.20.0&#8243; text_font=&#8221;||||||||&#8221; header_font=&#8221;Rubik|700||on|||||dotted&#8221; header_text_color=&#8221;#FFFFFF&#8221; header_font_size=&#8221;58px&#8221; header_letter_spacing=&#8221;1px&#8221; header_line_height=&#8221;1.3em&#8221; background_size=&#8221;initial&#8221; background_position=&#8221;top_left&#8221; background_repeat=&#8221;repeat&#8221; custom_margin=&#8221;|||&#8221; animation_style=&#8221;fade&#8221; header_font_size_tablet=&#8221;58px&#8221; header_font_size_phone=&#8221;41px&#8221; header_font_size_last_edited=&#8221;on|phone&#8221; locked=&#8221;off&#8221; global_colors_info=&#8221;{}&#8221;]<\/p>\n<h1>Ota yhteytt\u00e4<\/h1>\n<p>[\/et_pb_text][\/et_pb_column][\/et_pb_row][\/et_pb_section][et_pb_section fb_built=&#8221;1&#8243; admin_label=&#8221;Contact Section&#8221; _builder_version=&#8221;4.20.0&#8243; custom_margin_tablet=&#8221;&#8221; custom_margin_phone=&#8221;15px||||false|false&#8221; custom_margin_last_edited=&#8221;on|phone&#8221; custom_padding=&#8221;57px||42px|||&#8221; global_colors_info=&#8221;{}&#8221;][et_pb_row column_structure=&#8221;1_3,1_3,1_3&#8243; custom_padding_last_edited=&#8221;on|tablet&#8221; admin_label=&#8221;Contact Area&#8221; _builder_version=&#8221;4.20.0&#8243; custom_margin_tablet=&#8221;0px||-4px||false|false&#8221; custom_margin_phone=&#8221;-34px||||false|false&#8221; custom_margin_last_edited=&#8221;on|phone&#8221; custom_padding=&#8221;0px||||false|false&#8221; custom_padding_tablet=&#8221;0px||0px||false|false&#8221; custom_padding_phone=&#8221;0px||0px||false|false&#8221; animation_style=&#8221;zoom&#8221; animation_intensity_zoom=&#8221;20%&#8221; global_colors_info=&#8221;{}&#8221;][et_pb_column type=&#8221;1_3&#8243; _builder_version=&#8221;4.20.0&#8243; _module_preset=&#8221;default&#8221; global_colors_info=&#8221;{}&#8221;][et_pb_text _builder_version=&#8221;4.20.0&#8243; _module_preset=&#8221;default&#8221; header_font=&#8221;Rubik|700|||||||&#8221; header_text_color=&#8221;#0099B2&#8243; header_2_font=&#8221;Rubik|700|||||||&#8221; header_2_text_color=&#8221;#0099B2&#8243; header_2_font_size=&#8221;30px&#8221; custom_margin=&#8221;||6px|||&#8221; global_colors_info=&#8221;{}&#8221;]<\/p>\n<h2>P\u00e4ivi Penttil\u00e4<\/h2>\n<p>[\/et_pb_text][et_pb_text _builder_version=&#8221;4.20.0&#8243; text_font=&#8221;Inter||||||||&#8221; text_text_color=&#8221;#22434A&#8221; text_font_size=&#8221;18px&#8221; text_line_height=&#8221;1.8em&#8221; header_font=&#8221;Rubik|700|||||||&#8221; header_text_color=&#8221;#0099B2&#8243; header_4_font=&#8221;Rubik|700|||||||&#8221; header_4_text_color=&#8221;#0099B2&#8243; header_4_font_size=&#8221;34px&#8221; text_font_size_tablet=&#8221;16px&#8221; text_font_size_phone=&#8221;14px&#8221; text_font_size_last_edited=&#8221;on|tablet&#8221; header_4_font_size_tablet=&#8221;34px&#8221; header_4_font_size_phone=&#8221;32px&#8221; header_4_font_size_last_edited=&#8221;on|phone&#8221; global_colors_info=&#8221;{}&#8221;]<\/p>\n<p>Terapiapalvelut P\u00e4ivi Penttil\u00e4 Oy<br \/>(y-tunnus 2842070-1)<\/p>\n<p>K\u00e4yntiosoite:<br \/><strong>Toimintaterapia Toimeks<\/strong><br \/>Puutarhakatu 13,<br \/>90130 Oulu<\/p>\n<p>050-5499687<\/p>\n<p><a href=\"mailto:info@designagency.com\">paivi.penttila@toimeks.fi<\/a><\/p>\n<p>[\/et_pb_text][\/et_pb_column][et_pb_column type=&#8221;1_3&#8243; _builder_version=&#8221;4.16&#8243; custom_padding=&#8221;|||&#8221; global_colors_info=&#8221;{}&#8221; custom_padding__hover=&#8221;|||&#8221;][et_pb_text _builder_version=&#8221;4.21.0&#8243; _module_preset=&#8221;default&#8221; header_font=&#8221;Rubik|700|||||||&#8221; header_text_color=&#8221;#0099B2&#8243; header_2_font=&#8221;Rubik|700|||||||&#8221; header_2_text_color=&#8221;#0099B2&#8243; header_2_font_size=&#8221;30px&#8221; custom_margin=&#8221;||4px|||&#8221; hover_enabled=&#8221;0&#8243; global_colors_info=&#8221;{}&#8221; sticky_enabled=&#8221;0&#8243;]<\/p>\n<h2>Krista Simil\u00e4<\/h2>\n<p>[\/et_pb_text][et_pb_text _builder_version=&#8221;4.21.0&#8243; text_font=&#8221;Inter||||||||&#8221; text_text_color=&#8221;#22434A&#8221; text_font_size=&#8221;18px&#8221; text_line_height=&#8221;1.8em&#8221; header_font=&#8221;Rubik|700|||||||&#8221; header_text_color=&#8221;#0099B2&#8243; header_4_font=&#8221;Rubik|700|||||||&#8221; header_4_text_color=&#8221;#0099B2&#8243; header_4_font_size=&#8221;34px&#8221; custom_padding=&#8221;4px|||||&#8221; hover_enabled=&#8221;0&#8243; text_font_size_tablet=&#8221;16px&#8221; text_font_size_phone=&#8221;14px&#8221; text_font_size_last_edited=&#8221;on|tablet&#8221; header_4_font_size_tablet=&#8221;34px&#8221; header_4_font_size_phone=&#8221;32px&#8221; header_4_font_size_last_edited=&#8221;on|phone&#8221; locked=&#8221;off&#8221; global_colors_info=&#8221;{}&#8221; sticky_enabled=&#8221;0&#8243;]<\/p>\n<p>Toimintaterapia Kristas<br \/>(y-tunnus 1637111-3)<\/p>\n<p>K\u00e4yntiosoite:<br \/><strong>Toimintaterapia Toimeks<\/strong><br \/>Puutarhakatu 13,<br \/>90130 Oulu<\/p>\n<p>040-5707068<\/p>\n<p><a href=\"mailto:info@designagency.com\">krista.simila@toimeks.fi<\/a><\/p>\n<p>[\/et_pb_text][\/et_pb_column][et_pb_column type=&#8221;1_3&#8243; _builder_version=&#8221;4.16&#8243; custom_padding=&#8221;|||&#8221; global_colors_info=&#8221;{}&#8221; custom_padding__hover=&#8221;|||&#8221;][et_pb_image src=&#8221;https:\/\/toimeks.fi\/wp-content\/uploads\/2023\/02\/toimeks_valmis_logo.jpg&#8221; title_text=&#8221;Toimintaterapia Toimeks&#8221; _builder_version=&#8221;4.20.0&#8243; _module_preset=&#8221;default&#8221; transform_scale=&#8221;137%|137%&#8221; transform_scale_tablet=&#8221;86%|86%&#8221; transform_scale_phone=&#8221;86%|86%&#8221; transform_scale_last_edited=&#8221;on|desktop&#8221; transform_translate_tablet=&#8221;&#8221; transform_translate_phone=&#8221;&#8221; transform_translate_last_edited=&#8221;on|tablet&#8221; transform_rotate_tablet=&#8221;&#8221; transform_rotate_phone=&#8221;&#8221; transform_rotate_last_edited=&#8221;on|tablet&#8221; transform_skew_tablet=&#8221;&#8221; transform_skew_phone=&#8221;&#8221; transform_skew_last_edited=&#8221;on|tablet&#8221; transform_origin_tablet=&#8221;&#8221; transform_origin_phone=&#8221;&#8221; transform_origin_last_edited=&#8221;on|tablet&#8221; transform_styles_last_edited=&#8221;on|desktop&#8221; custom_margin=&#8221;104px|||||&#8221; custom_margin_tablet=&#8221;46px||||false|false&#8221; custom_margin_phone=&#8221;25px||-22px||false|false&#8221; custom_margin_last_edited=&#8221;on|tablet&#8221; transform_styles_tablet=&#8221;&#8221; transform_styles_phone=&#8221;&#8221; global_colors_info=&#8221;{}&#8221;][\/et_pb_image][\/et_pb_column][\/et_pb_row][\/et_pb_section]<\/p>\n","protected":false},"excerpt":{"rendered":"<p>Ota yhteytt\u00e4P\u00e4ivi Penttil\u00e4Terapiapalvelut P\u00e4ivi Penttil\u00e4 Oy(y-tunnus 2842070-1) K\u00e4yntiosoite:Toimintaterapia ToimeksPuutarhakatu 13,90130 Oulu 050-5499687 paivi.penttila@toimeks.fiKrista Simil\u00e4Toimintaterapia Kristas(y-tunnus 1637111-3) K\u00e4yntiosoite:Toimintaterapia ToimeksPuutarhakatu 13,90130 Oulu 040-5707068 krista.simila@toimeks.fi<\/p>\n","protected":false},"author":1,"featured_media":0,"parent":0,"menu_order":0,"comment_status":"closed","ping_status":"closed","template":"","meta":{"_et_pb_use_builder":"on","_et_pb_old_content":"","_et_gb_content_width":""},"_links":{"self":[{"href":"https:\/\/toimeks.fi\/index.php\/wp-json\/wp\/v2\/pages\/598"}],"collection":[{"href":"https:\/\/toimeks.fi\/index.php\/wp-json\/wp\/v2\/pages"}],"about":[{"href":"https:\/\/toimeks.fi\/index.php\/wp-json\/wp\/v2\/types\/page"}],"author":[{"embeddable":true,"href":"https:\/\/toimeks.fi\/index.php\/wp-json\/wp\/v2\/users\/1"}],"replies":[{"embeddable":true,"href":"https:\/\/toimeks.fi\/index.php\/wp-json\/wp\/v2\/comments?post=598"}],"version-history":[{"count":12,"href":"https:\/\/toimeks.fi\/index.php\/wp-json\/wp\/v2\/pages\/598\/revisions"}],"predecessor-version":[{"id":732,"href":"https:\/\/toimeks.fi\/index.php\/wp-json\/wp\/v2\/pages\/598\/revisions\/732"}],"wp:attachment":[{"href":"https:\/\/toimeks.fi\/index.php\/wp-json\/wp\/v2\/media?parent=598"}],"curies":[{"name":"wp","href":"https:\/\/api.w.org\/{rel}","templated":true}]}}